{"id":93,"date":"2010-03-20T14:16:24","date_gmt":"2010-03-20T11:16:24","guid":{"rendered":"http:\/\/kids.saladin-web.ch\/?page_id=93"},"modified":"2010-03-22T22:33:02","modified_gmt":"2010-03-22T21:33:02","slug":"gestadeck-times-archiv","status":"publish","type":"page","link":"https:\/\/kids.saladin-web.ch\/?page_id=93","title":{"rendered":"Gestadeck Times Archiv"},"content":{"rendered":"<p>Unsere Gestadeck Times ist seit 1998 auf dem Netz. Logisch, dass die Technik mittlerweile veraltet ist.<\/p>\n<p>Aus diesem Grund haben wir uns entschlossen, die Zeitung mit Web2-Technologie zu betreiben.<\/p>\n<p>So ist es in Zukunft allen Sch\u00fclern m\u00f6glich, Texte auch von zuhause aus zu bearbeiten.<\/p>\n<p>Nat\u00fcrlich w\u00e4re es schade, unsere preisgekr\u00f6nte Seite einfach zu l\u00f6schen. Darum haben wir sie in unser Archiv gelegt.<\/p>\n<div style=\"width: 310px\" class=\"wp-caption aligncenter\"><a href=\"http:\/\/gestadeck.saladin-web.ch\/\" target=\"_blank\"><img loading=\"lazy\" decoding=\"async\" style=\"border: 3px solid black;\" title=\"gestadeck Unsere Zeitung, seit  1998 auf dem Netz \" src=\"https:\/\/kids.saladin-web.ch\/wp-content\/uploads\/2010\/03\/gestadeck-ALT2-300x193.jpg\" alt=\"vor der Neuauflage\" width=\"300\" height=\"193\" \/><\/a><p class=\"wp-caption-text\">Unsere preisgekr\u00f6nte Seite besuchen Sie im Archiv mit Klick aufs Bild.<\/p><\/div>\n<p style=\"text-align: center;\">\n","protected":false},"excerpt":{"rendered":"<p>Unsere Gestadeck Times ist seit 1998 auf dem Netz. Logisch, dass die Technik mittlerweile veraltet ist. Aus diesem Grund haben wir uns entschlossen, die Zeitung mit Web2-Technologie zu betreiben. So ist es in Zukunft allen Sch\u00fclern m\u00f6glich, Texte auch von zuhause aus zu bearbeiten. Nat\u00fcrlich w\u00e4re es schade, unsere preisgekr\u00f6nte Seite einfach zu l\u00f6schen. Darum [&hellip;]<\/p>\n","protected":false},"author":1,"featured_media":0,"parent":0,"menu_order":5,"comment_status":"open","ping_status":"open","template":"","meta":{"footnotes":""},"class_list":["post-93","page","type-page","status-publish","hentry"],"_links":{"self":[{"href":"https:\/\/kids.saladin-web.ch\/index.php?rest_route=\/wp\/v2\/pages\/93","targetHints":{"allow":["GET"]}}],"collection":[{"href":"https:\/\/kids.saladin-web.ch\/index.php?rest_route=\/wp\/v2\/pages"}],"about":[{"href":"https:\/\/kids.saladin-web.ch\/index.php?rest_route=\/wp\/v2\/types\/page"}],"author":[{"embeddable":true,"href":"https:\/\/kids.saladin-web.ch\/index.php?rest_route=\/wp\/v2\/users\/1"}],"replies":[{"embeddable":true,"href":"https:\/\/kids.saladin-web.ch\/index.php?rest_route=%2Fwp%2Fv2%2Fcomments&post=93"}],"version-history":[{"count":6,"href":"https:\/\/kids.saladin-web.ch\/index.php?rest_route=\/wp\/v2\/pages\/93\/revisions"}],"predecessor-version":[{"id":176,"href":"https:\/\/kids.saladin-web.ch\/index.php?rest_route=\/wp\/v2\/pages\/93\/revisions\/176"}],"wp:attachment":[{"href":"https:\/\/kids.saladin-web.ch\/index.php?rest_route=%2Fwp%2Fv2%2Fmedia&parent=93"}],"curies":[{"name":"wp","href":"https:\/\/api.w.org\/{rel}","templated":true}]}}