{"id":70,"date":"2010-03-20T12:43:49","date_gmt":"2010-03-20T09:43:49","guid":{"rendered":"http:\/\/kids.saladin-web.ch\/?page_id=70"},"modified":"2013-03-19T11:06:42","modified_gmt":"2013-03-19T10:06:42","slug":"kinderkunst","status":"publish","type":"page","link":"https:\/\/kids.saladin-web.ch\/?page_id=70","title":{"rendered":"Kinderkunst"},"content":{"rendered":"<h2>Klassen\u00fcbergreifendes Hundertwasser-Projekt<\/h2>\n<p><a href=\"https:\/\/kids.saladin-web.ch\/wp-content\/uploads\/2010\/06\/Hundertwasser-015a-web1.jpg\"><img loading=\"lazy\" decoding=\"async\" title=\"Hundertwasser  015a-web\" alt=\"\" src=\"https:\/\/kids.saladin-web.ch\/wp-content\/uploads\/2010\/06\/Hundertwasser-015a-web1-300x205.jpg\" width=\"300\" height=\"205\" \/><\/a><\/p>\n<p>Die beiden Klassen 5b und 3b haben gemeinsam ein kleineres Projekt durchgef\u00fchrt.<\/p>\n<p>Die 5. Kl\u00e4ssler zeichneten unser Schulhaus mit Bleistift ab und gaben die Bilder der 3b zur Weiterverarbeitung.<\/p>\n<p>Die 3. Kl\u00e4ssler gestalteten daraus diese wundersch\u00f6nen Hundertwasserh\u00e4user!<\/p>\n<p>Im weiteren kann man noch Werkarbeiten sehen von eigenen Hundertwasserh\u00e4usern.<\/p>\n<p>..<\/p>\n<p>[nggallery id=2]<\/p>\n<p>&#8230;<\/p>\n\n\t\t<style type=\"text\/css\">\n\t\t\t#gallery-1 {\n\t\t\t\tmargin: auto;\n\t\t\t}\n\t\t\t#gallery-1 .gallery-item {\n\t\t\t\tfloat: left;\n\t\t\t\tmargin-top: 10px;\n\t\t\t\ttext-align: center;\n\t\t\t\twidth: 33%;\n\t\t\t}\n\t\t\t#gallery-1 img {\n\t\t\t\tborder: 2px solid #cfcfcf;\n\t\t\t}\n\t\t\t#gallery-1 .gallery-caption {\n\t\t\t\tmargin-left: 0;\n\t\t\t}\n\t\t\t\/* see gallery_shortcode() in wp-includes\/media.php *\/\n\t\t<\/style>\n\t\t<div id='gallery-1' class='gallery galleryid-70 gallery-columns-3 gallery-size-thumbnail'><dl class='gallery-item'>\n\t\t\t<dt class='gallery-icon landscape'>\n\t\t\t\t<a href='https:\/\/kids.saladin-web.ch\/?attachment_id=276'><img loading=\"lazy\" decoding=\"async\" width=\"150\" height=\"150\" src=\"https:\/\/kids.saladin-web.ch\/wp-content\/uploads\/2010\/03\/zebra1_edited-4-150x150.jpg\" class=\"attachment-thumbnail size-thumbnail\" alt=\"\" \/><\/a>\n\t\t\t<\/dt><\/dl><dl class='gallery-item'>\n\t\t\t<dt class='gallery-icon portrait'>\n\t\t\t\t<a href='https:\/\/kids.saladin-web.ch\/?attachment_id=275'><img loading=\"lazy\" decoding=\"async\" width=\"150\" height=\"150\" src=\"https:\/\/kids.saladin-web.ch\/wp-content\/uploads\/2010\/03\/zebra1_edited-3-150x150.jpg\" class=\"attachment-thumbnail size-thumbnail\" alt=\"\" srcset=\"https:\/\/kids.saladin-web.ch\/wp-content\/uploads\/2010\/03\/zebra1_edited-3-150x150.jpg 150w, https:\/\/kids.saladin-web.ch\/wp-content\/uploads\/2010\/03\/zebra1_edited-3-298x300.jpg 298w, https:\/\/kids.saladin-web.ch\/wp-content\/uploads\/2010\/03\/zebra1_edited-3.jpg 990w\" sizes=\"auto, (max-width: 150px) 100vw, 150px\" \/><\/a>\n\t\t\t<\/dt><\/dl><dl class='gallery-item'>\n\t\t\t<dt class='gallery-icon portrait'>\n\t\t\t\t<a href='https:\/\/kids.saladin-web.ch\/?attachment_id=274'><img loading=\"lazy\" decoding=\"async\" width=\"150\" height=\"150\" src=\"https:\/\/kids.saladin-web.ch\/wp-content\/uploads\/2010\/03\/zebra1_edited-2-150x150.jpg\" class=\"attachment-thumbnail size-thumbnail\" alt=\"\" \/><\/a>\n\t\t\t<\/dt><\/dl><br style=\"clear: both\" \/><dl class='gallery-item'>\n\t\t\t<dt class='gallery-icon portrait'>\n\t\t\t\t<a href='https:\/\/kids.saladin-web.ch\/?attachment_id=273'><img loading=\"lazy\" decoding=\"async\" width=\"150\" height=\"150\" src=\"https:\/\/kids.saladin-web.ch\/wp-content\/uploads\/2010\/03\/zebra1_edited-1-150x150.jpg\" class=\"attachment-thumbnail size-thumbnail\" alt=\"\" srcset=\"https:\/\/kids.saladin-web.ch\/wp-content\/uploads\/2010\/03\/zebra1_edited-1-150x150.jpg 150w, https:\/\/kids.saladin-web.ch\/wp-content\/uploads\/2010\/03\/zebra1_edited-1-298x300.jpg 298w, https:\/\/kids.saladin-web.ch\/wp-content\/uploads\/2010\/03\/zebra1_edited-1-1018x1024.jpg 1018w, https:\/\/kids.saladin-web.ch\/wp-content\/uploads\/2010\/03\/zebra1_edited-1.jpg 1104w\" sizes=\"auto, (max-width: 150px) 100vw, 150px\" \/><\/a>\n\t\t\t<\/dt><\/dl>\n\t\t\t<br style='clear: both' \/>\n\t\t<\/div>\n\n<p><a href=\"http:\/\/picasaweb.google.ch\/andreas.saladin\/20090605KunstProjektGestadeck#slideshow\" target=\"_blank\"><img loading=\"lazy\" decoding=\"async\" class=\"alignnone\" title=\"Picasso aus Kinderaugen\" alt=\"\" src=\"http:\/\/gestadeck.saladin-web.ch\/Picasso%202009\/DSC_2471.JPG\" width=\"238\" height=\"358\" \/><\/a><a href=\"http:\/\/picasaweb.google.ch\/andreas.saladin\/20090605KunstProjektGestadeck#slideshow\" target=\"_blank\"><img loading=\"lazy\" decoding=\"async\" class=\"alignnone\" title=\"Lionels Blick\" alt=\"\" src=\"http:\/\/gestadeck.saladin-web.ch\/Picasso%202009\/DSC_2478.JPG\" width=\"245\" height=\"354\" \/><\/a><\/p>\n<h3>Hier geht es zu einer <a href=\"http:\/\/picasaweb.google.ch\/andreas.saladin\/20090605KunstProjektGestadeck#slideshow\" target=\"_blank\">Diashow<\/a> mit vielen anderen tollen Bildern und Kunstwerken.<\/h3>\n<p>&#8212;&#8212;&#8212;&#8212;&#8212;&#8212;&#8212;&#8212;&#8212;&#8212;&#8212;&#8212;&#8212;&#8212;&#8212;&#8212;&#8212;&#8212;&#8212;&#8212;<\/p>\n","protected":false},"excerpt":{"rendered":"<p>Klassen\u00fcbergreifendes Hundertwasser-Projekt Die beiden Klassen 5b und 3b haben gemeinsam ein kleineres Projekt durchgef\u00fchrt. Die 5. Kl\u00e4ssler zeichneten unser Schulhaus mit Bleistift ab und gaben die Bilder der 3b zur Weiterverarbeitung. Die 3. Kl\u00e4ssler gestalteten daraus diese wundersch\u00f6nen Hundertwasserh\u00e4user! Im weiteren kann man noch Werkarbeiten sehen von eigenen Hundertwasserh\u00e4usern. .. [nggallery id=2] &#8230; Hier geht [&hellip;]<\/p>\n","protected":false},"author":1,"featured_media":0,"parent":0,"menu_order":0,"comment_status":"open","ping_status":"open","template":"","meta":{"footnotes":""},"class_list":["post-70","page","type-page","status-publish","hentry"],"_links":{"self":[{"href":"https:\/\/kids.saladin-web.ch\/index.php?rest_route=\/wp\/v2\/pages\/70","targetHints":{"allow":["GET"]}}],"collection":[{"href":"https:\/\/kids.saladin-web.ch\/index.php?rest_route=\/wp\/v2\/pages"}],"about":[{"href":"https:\/\/kids.saladin-web.ch\/index.php?rest_route=\/wp\/v2\/types\/page"}],"author":[{"embeddable":true,"href":"https:\/\/kids.saladin-web.ch\/index.php?rest_route=\/wp\/v2\/users\/1"}],"replies":[{"embeddable":true,"href":"https:\/\/kids.saladin-web.ch\/index.php?rest_route=%2Fwp%2Fv2%2Fcomments&post=70"}],"version-history":[{"count":20,"href":"https:\/\/kids.saladin-web.ch\/index.php?rest_route=\/wp\/v2\/pages\/70\/revisions"}],"predecessor-version":[{"id":78,"href":"https:\/\/kids.saladin-web.ch\/index.php?rest_route=\/wp\/v2\/pages\/70\/revisions\/78"}],"wp:attachment":[{"href":"https:\/\/kids.saladin-web.ch\/index.php?rest_route=%2Fwp%2Fv2%2Fmedia&parent=70"}],"curies":[{"name":"wp","href":"https:\/\/api.w.org\/{rel}","templated":true}]}}