{"id":575,"date":"2010-05-27T07:36:52","date_gmt":"2010-05-27T06:36:52","guid":{"rendered":"http:\/\/kids.saladin-web.ch\/?page_id=575"},"modified":"2010-05-31T09:31:03","modified_gmt":"2010-05-31T08:31:03","slug":"spinnen","status":"publish","type":"page","link":"https:\/\/kids.saladin-web.ch\/?page_id=575","title":{"rendered":"Spinnen"},"content":{"rendered":"<h2><img loading=\"lazy\" decoding=\"async\" class=\"alignleft\" title=\"Spinnen\" src=\"http:\/\/www.geo.de\/div\/image\/4105\/auto_01.jpg\" alt=\"\" width=\"228\" height=\"151\" \/><\/h2>\n<h2><a href=\"http:\/\/www.247helper.de\/spider\/247helper.php?UID=&amp;RID=&amp;ref=http:\/\/www.247helper.de\/spider\/start.php\" target=\"_blank\">Frag die Spinne!<\/a><\/h2>\n<p>(Ein interaktives Lernspiel mit einer Spinne)<\/p>\n<h2>Fragen zum Spinnenthema<\/h2>\n<ol>\n<li>Wann bauen Spinnen ihre Netze?<\/li>\n<li>Was erkennen sie mit ihren Haupt-, was mit ihren Nebenaugen?<\/li>\n<li>Was wollen Wissenschaftler mit Spinnf\u00e4den entwickeln?<\/li>\n<li>Nenne alle Teile des Netzes.<\/li>\n<li>In den Netzen welcher Spinnenart k\u00f6nnen sich V\u00f6gel verfangen?<\/li>\n<li>Wie gross und wie alt werden Vogelspinnen?<\/li>\n<li>Nenne f\u00fcnf Gr\u00fcnde, warum eine Spinne kein Insekt ist.<\/li>\n<li>Wozu dienen die H\u00e4rchen? Nenne vier Aufgaben.<\/li>\n<li>Was k\u00f6nnen Wasserspinnen oder Raubspinnen fressen?<\/li>\n<li>Was macht das Spinnengift mit dem Opfer?<\/li>\n<li>Welche Spinne frisst andere Spinnen?<\/li>\n<li>Was wird in die Bisswunde nach dem Gift hineingespritzt?<\/li>\n<li>Was speit die Speispinne auf die Beute?<\/li>\n<li>Warum will man k\u00fcnstliche Spinnf\u00e4den herstellen?<\/li>\n<li>Wie alt werden Vogelspinnen?<\/li>\n<li>Wie viele Spinnwarzen hat die Kreuzspinne?<\/li>\n<li>Was macht das Weibchen oft nach der Paarung?<\/li>\n<li>Wozu nutzen die Ureinwohner Australiens Vogelspinnennetze?<\/li>\n<li>Nenne ein paar passende Adjektive, die auf Spinnenf\u00e4den zutreffen.<\/li>\n<li>Spinnen haben keinen Unterkiefer. Stimmt das?<\/li>\n<li>K\u00f6nnen Spinnen \u00fcberwintern? Wenn ja, wie?<\/li>\n<li>Welche Spinnen sind Spezialisten in bezug auf ihre Nahrung?<\/li>\n<li>Die Kreuzspinne kann verschiedenartige F\u00e4den produzieren!&#8230;<\/li>\n<li>Sind Spinnen gesellige Tiere? Wenn nein, wann treffen sie sich?<\/li>\n<li>Du z\u00e4hlst 200 Spinnenbabys. Wie viele davon\u00a0 \u00fcberleben\u00a0 etwa?<\/li>\n<li>Womit fliegt die Spinne?<\/li>\n<li>Warum sind die Spinnen heute teilweise gef\u00e4hrdet?<\/li>\n<li>Wie stark sind Spinnen f\u00fcr den Menschen gef\u00e4hrlich?<\/li>\n<li>Wie kommt die &#8222;Schwarze Witwe&#8220; zu ihrem Namen?<\/li>\n<li>Nenne verschiedene Netzformen.<\/li>\n<li>Nenne m\u00f6glichst viele K\u00f6rperteile einer Spinne.<\/li>\n<li>Nenne mir 12 Spinnenarten!<\/li>\n<li>WER HAT NOCH EINE NEUE, INTERESSANTE FRAGE???\u00a0\u00a0\u00a0\u00a0 A. Saladin<\/li>\n<\/ol>\n<h2><a href=\"http:\/\/www.arages.de\/about\/spinnen.html\" target=\"_blank\">Spinnen f\u00fcr Einsteiger <\/a><\/h2>\n<p>(Interessantes Grundlagenwissen zu Spinnen, hier als <a href=\"https:\/\/kids.saladin-web.ch\/wp-content\/uploads\/2010\/05\/Spinnen.pdf\">PDF<\/a> zum Ausdrucken)<\/p>\n<p>Aus dem obigen Text ein paar Sch\u00fclerfragen:<\/p>\n<ol>\n<li>Nenne drei bis f\u00fcnf Gliedertierarten.<\/li>\n<li>Chitin kann wachsen, warum?<\/li>\n<li>Wie gross und wie alt werden Vogelspinnen?<\/li>\n<li>Wie viele Spinnarten sind weltweit heute bekannt?<\/li>\n<li>Die Hauptnahrung der Spinnen besteht aus&#8230;., manchmal fressen einige aber auch &#8230;.<\/li>\n<li>Erkl\u00e4re, wie die Spinne etwas fressen kann.<\/li>\n<li>Woraus bestehen Spinnf\u00e4den?<\/li>\n<li>Nenne die speziellen Eigenschaften des Spinnfadens.<\/li>\n<li>Wie dick k\u00f6nnen die d\u00fcnnsten Spinnf\u00e4den sein?<\/li>\n<li>Wie versucht man heute, Spinnf\u00e4den industriell herzustellen?<\/li>\n<li>Wie gross werden die gr\u00f6ssten Netze?<\/li>\n<li>Was ist ein &#8222;Fadenfloss&#8220; und wer benutzt es?<\/li>\n<li>Wie viele f\u00fcr Menschen gef\u00e4hrliche Spinnen gibt es?<\/li>\n<li><\/li>\n<\/ol>\n","protected":false},"excerpt":{"rendered":"<p>Frag die Spinne! (Ein interaktives Lernspiel mit einer Spinne) Fragen zum Spinnenthema Wann bauen Spinnen ihre Netze? Was erkennen sie mit ihren Haupt-, was mit ihren Nebenaugen? Was wollen Wissenschaftler mit Spinnf\u00e4den entwickeln? Nenne alle Teile des Netzes. In den Netzen welcher Spinnenart k\u00f6nnen sich V\u00f6gel verfangen? Wie gross und wie alt werden Vogelspinnen? Nenne [&hellip;]<\/p>\n","protected":false},"author":32,"featured_media":0,"parent":62,"menu_order":1,"comment_status":"open","ping_status":"open","template":"","meta":{"footnotes":""},"class_list":["post-575","page","type-page","status-publish","hentry"],"_links":{"self":[{"href":"https:\/\/kids.saladin-web.ch\/index.php?rest_route=\/wp\/v2\/pages\/575","targetHints":{"allow":["GET"]}}],"collection":[{"href":"https:\/\/kids.saladin-web.ch\/index.php?rest_route=\/wp\/v2\/pages"}],"about":[{"href":"https:\/\/kids.saladin-web.ch\/index.php?rest_route=\/wp\/v2\/types\/page"}],"author":[{"embeddable":true,"href":"https:\/\/kids.saladin-web.ch\/index.php?rest_route=\/wp\/v2\/users\/32"}],"replies":[{"embeddable":true,"href":"https:\/\/kids.saladin-web.ch\/index.php?rest_route=%2Fwp%2Fv2%2Fcomments&post=575"}],"version-history":[{"count":43,"href":"https:\/\/kids.saladin-web.ch\/index.php?rest_route=\/wp\/v2\/pages\/575\/revisions"}],"predecessor-version":[{"id":685,"href":"https:\/\/kids.saladin-web.ch\/index.php?rest_route=\/wp\/v2\/pages\/575\/revisions\/685"}],"up":[{"embeddable":true,"href":"https:\/\/kids.saladin-web.ch\/index.php?rest_route=\/wp\/v2\/pages\/62"}],"wp:attachment":[{"href":"https:\/\/kids.saladin-web.ch\/index.php?rest_route=%2Fwp%2Fv2%2Fmedia&parent=575"}],"curies":[{"name":"wp","href":"https:\/\/api.w.org\/{rel}","templated":true}]}}