{"id":20,"date":"2010-03-20T02:03:31","date_gmt":"2010-03-19T23:03:31","guid":{"rendered":"http:\/\/kids.saladin-web.ch\/?page_id=20"},"modified":"2013-03-19T11:02:27","modified_gmt":"2013-03-19T10:02:27","slug":"ict-projekte","status":"publish","type":"page","link":"https:\/\/kids.saladin-web.ch\/?page_id=20","title":{"rendered":"ICT-Projekte"},"content":{"rendered":"<h1>Hier sind einige unserer besten ICT &#8211; Projekte abgelegt.<\/h1>\n<h2 style=\"text-align: left;\"><\/h2>\n<h2 style=\"text-align: left;\">Erfinder ver\u00e4ndern die Welt (4.Platz JuniorWebAward2010)<\/h2>\n<h2><a href=\"https:\/\/kids.saladin-web.ch\/wp-content\/uploads\/2010\/03\/jurassic5.gif\"><img loading=\"lazy\" decoding=\"async\" class=\"alignleft size-full wp-image-1638\" alt=\"jurassic5\" src=\"https:\/\/kids.saladin-web.ch\/wp-content\/uploads\/2010\/03\/jurassic5.gif\" width=\"115\" height=\"86\" \/><\/a><\/h2>\n<h2><\/h2>\n<p>&nbsp;<\/p>\n<p>&nbsp;<\/p>\n<p>&nbsp;<\/p>\n<div id=\"attachment_21\" style=\"width: 310px\" class=\"wp-caption alignleft\"><a href=\"http:\/\/sites.google.com\/site\/erfindungenklsaladin\/\" target=\"_blank\"><img loading=\"lazy\" decoding=\"async\" aria-describedby=\"caption-attachment-21\" class=\"size-medium wp-image-21 \" style=\"border: 3px solid black;\" title=\"Erfindungen\" alt=\"\" src=\"https:\/\/kids.saladin-web.ch\/wp-content\/uploads\/2010\/03\/erfindungen-300x165.jpg\" width=\"300\" height=\"165\" srcset=\"https:\/\/kids.saladin-web.ch\/wp-content\/uploads\/2010\/03\/erfindungen-300x165.jpg 300w, https:\/\/kids.saladin-web.ch\/wp-content\/uploads\/2010\/03\/erfindungen.jpg 926w\" sizes=\"auto, (max-width: 300px) 100vw, 300px\" \/><\/a><p id=\"caption-attachment-21\" class=\"wp-caption-text\">Eine selbstgesteuertes Lernprojekt von 5. Kl\u00e4sslern: Erfindungen<\/p><\/div>\n<p>Manchmal geht es doch\u2026 (Ein Unterrichtsbeispiel 5. Primar)<\/p>\n<h2><\/h2>\n<p>Ich stellte meinen F\u00fcnftkl\u00e4sslerInnen das Thema \u201eErfindungen ver\u00e4ndern die Welt\u201c. Als Hausaufgabe mussten sich die Kinder Material sammeln aus B\u00fcchern\/Kindersuchmaschine Blinde-Kuh\/Bibliothek.<br \/>\nIn einer ersten Redaktionssitzung sammelten wir die Ideen und entwarfen an der Wandtafel eine m\u00f6gliche Struktur der Seite.<\/p>\n<p><a href=\"https:\/\/kids.saladin-web.ch\/?p=9#more-9\">mehr<\/a>&#8230;<\/p>\n<h2 style=\"text-align: left;\">Salz-Reportage<\/h2>\n<div id=\"attachment_16\" style=\"width: 310px\" class=\"wp-caption alignnone\"><a href=\"http:\/\/sites.google.com\/site\/salzwiki\/\" target=\"_blank\"><img loading=\"lazy\" decoding=\"async\" aria-describedby=\"caption-attachment-16\" class=\"size-medium wp-image-16   \" title=\"salz\" alt=\"Unsere Exkursion in die Rheinsaline\" src=\"https:\/\/kids.saladin-web.ch\/wp-content\/uploads\/2010\/03\/salz1-300x154.jpg\" width=\"300\" height=\"154\" srcset=\"https:\/\/kids.saladin-web.ch\/wp-content\/uploads\/2010\/03\/salz1-300x154.jpg 300w, https:\/\/kids.saladin-web.ch\/wp-content\/uploads\/2010\/03\/salz1-1024x528.jpg 1024w, https:\/\/kids.saladin-web.ch\/wp-content\/uploads\/2010\/03\/salz1.jpg 1117w\" sizes=\"auto, (max-width: 300px) 100vw, 300px\" \/><\/a><p id=\"caption-attachment-16\" class=\"wp-caption-text\">Unsere Exkursion in die Rheinsaline<\/p><\/div>\n<h2 style=\"text-align: left;\">&#8212;&#8212;&#8212;&#8212;&#8212;&#8212;&#8212;&#8212;&#8212;&#8212;&#8212;&#8212;&#8212;&#8212;&#8212;&#8212;&#8212;&#8212;&#8212;&#8212;&#8212;&#8212;&#8212;&#8212;&#8212;&#8212;&#8211;<\/h2>\n<h2 style=\"text-align: left;\">Archiv<\/h2>\n<h2 style=\"text-align: left;\">Die erste Sch\u00fclerzeitung im Netz seit 1998! (Finalist Global Junior Challenge Rom)<\/h2>\n<dl class=\"wp-caption alignnone\" id=\"attachment_29\" style=\"width: 310px;\">\n<dt class=\"wp-caption-dt\"><a href=\"http:\/\/gestadeck.saladin-web.ch\/\" target=\"_blank\"><img loading=\"lazy\" decoding=\"async\" class=\"size-medium   wp-image-29  \" style=\"border: 3px solid black;\" title=\"gestadeck Unsere Zeitung,  seit 1998 auf dem Netz \" alt=\"vor der Neuauflage\" src=\"https:\/\/kids.saladin-web.ch\/wp-content\/uploads\/2010\/03\/gestadeck-ALT2-300x193.jpg\" width=\"300\" height=\"193\" srcset=\"https:\/\/kids.saladin-web.ch\/wp-content\/uploads\/2010\/03\/gestadeck-ALT2-300x193.jpg 300w, https:\/\/kids.saladin-web.ch\/wp-content\/uploads\/2010\/03\/gestadeck-ALT2.jpg 986w\" sizes=\"auto, (max-width: 300px) 100vw, 300px\" \/><\/a><\/dt>\n<dd class=\"wp-caption-dd\">Mit dieser Homepage kamen wir 1998 aufs Netz. Wir waren die ersten in einem Land voller Geheimnisse. Allm\u00e4hlich wurde die Seite immer gr\u00f6sser. Heute ist sie zwar immer noch wundersch\u00f6n, aber technisch nicht mehr auf der H\u00f6he der Zeit. Darum haben wir uns entschlossen, eine Neuauflage zu starten. Wir sind mal gespannt, wohin die Reise f\u00fchrt.<\/dd>\n<\/dl>\n<h2 style=\"text-align: left;\">Traumwelt<\/h2>\n<div id=\"attachment_74\" style=\"width: 310px\" class=\"wp-caption alignnone\"><a href=\"http:\/\/traumwelt.juniorwebaward.ch\/\"><img loading=\"lazy\" decoding=\"async\" aria-describedby=\"caption-attachment-74\" class=\"size-medium wp-image-74 \" title=\"traumwelt\" alt=\"\" src=\"https:\/\/kids.saladin-web.ch\/wp-content\/uploads\/2010\/03\/traumwelt-300x146.jpg\" width=\"300\" height=\"146\" srcset=\"https:\/\/kids.saladin-web.ch\/wp-content\/uploads\/2010\/03\/traumwelt-300x146.jpg 300w, https:\/\/kids.saladin-web.ch\/wp-content\/uploads\/2010\/03\/traumwelt-1024x500.jpg 1024w, https:\/\/kids.saladin-web.ch\/wp-content\/uploads\/2010\/03\/traumwelt.jpg 1256w\" sizes=\"auto, (max-width: 300px) 100vw, 300px\" \/><\/a><p id=\"caption-attachment-74\" class=\"wp-caption-text\">Aus dem Jahr 2007, unser Beitrag f\u00fcr den JuniorWebAward.<\/p><\/div>\n<h2 style=\"text-align: left;\">Inselabenteuer 5. Klasse<\/h2>\n<div id=\"attachment_116\" style=\"width: 310px\" class=\"wp-caption alignnone\"><a href=\"http:\/\/gestadeck.saladin-web.ch\/schatzinsel2\/seite1.htm\" target=\"_blank\"><img loading=\"lazy\" decoding=\"async\" aria-describedby=\"caption-attachment-116\" class=\"size-medium wp-image-116  \" title=\"inselabenteuer5\" alt=\"\" src=\"https:\/\/kids.saladin-web.ch\/wp-content\/uploads\/2010\/03\/inselabenteuer5-300x221.jpg\" width=\"300\" height=\"221\" srcset=\"https:\/\/kids.saladin-web.ch\/wp-content\/uploads\/2010\/03\/inselabenteuer5-300x221.jpg 300w, https:\/\/kids.saladin-web.ch\/wp-content\/uploads\/2010\/03\/inselabenteuer5.jpg 799w\" sizes=\"auto, (max-width: 300px) 100vw, 300px\" \/><\/a><p id=\"caption-attachment-116\" class=\"wp-caption-text\">Eine Lesespur von einer 5. Klasse f\u00fcr starke Leseratten<\/p><\/div>\n<h2 style=\"text-align: left;\">Inselabenteuer 3. Klasse<\/h2>\n<div id=\"attachment_115\" style=\"width: 310px\" class=\"wp-caption alignnone\"><a href=\"http:\/\/gestadeck.saladin-web.ch\/schatzinsel.htm\" target=\"_blank\"><img loading=\"lazy\" decoding=\"async\" aria-describedby=\"caption-attachment-115\" class=\"size-medium wp-image-115 \" title=\"inselabenteuer1\" alt=\"\" src=\"https:\/\/kids.saladin-web.ch\/wp-content\/uploads\/2010\/03\/inselabenteuer1-300x259.jpg\" width=\"300\" height=\"259\" srcset=\"https:\/\/kids.saladin-web.ch\/wp-content\/uploads\/2010\/03\/inselabenteuer1-300x259.jpg 300w, https:\/\/kids.saladin-web.ch\/wp-content\/uploads\/2010\/03\/inselabenteuer1.jpg 589w\" sizes=\"auto, (max-width: 300px) 100vw, 300px\" \/><\/a><p id=\"caption-attachment-115\" class=\"wp-caption-text\">Leseabenteuer von und f\u00fcr eine 3. Klasse<\/p><\/div>\n","protected":false},"excerpt":{"rendered":"<p>Hier sind einige unserer besten ICT &#8211; Projekte abgelegt. Erfinder ver\u00e4ndern die Welt (4.Platz JuniorWebAward2010) &nbsp; &nbsp; &nbsp; Manchmal geht es doch\u2026 (Ein Unterrichtsbeispiel 5. Primar) Ich stellte meinen F\u00fcnftkl\u00e4sslerInnen das Thema \u201eErfindungen ver\u00e4ndern die Welt\u201c. Als Hausaufgabe mussten sich die Kinder Material sammeln aus B\u00fcchern\/Kindersuchmaschine Blinde-Kuh\/Bibliothek. In einer ersten Redaktionssitzung sammelten wir die Ideen [&hellip;]<\/p>\n","protected":false},"author":1,"featured_media":0,"parent":0,"menu_order":0,"comment_status":"open","ping_status":"open","template":"","meta":{"footnotes":""},"class_list":["post-20","page","type-page","status-publish","hentry"],"_links":{"self":[{"href":"https:\/\/kids.saladin-web.ch\/index.php?rest_route=\/wp\/v2\/pages\/20","targetHints":{"allow":["GET"]}}],"collection":[{"href":"https:\/\/kids.saladin-web.ch\/index.php?rest_route=\/wp\/v2\/pages"}],"about":[{"href":"https:\/\/kids.saladin-web.ch\/index.php?rest_route=\/wp\/v2\/types\/page"}],"author":[{"embeddable":true,"href":"https:\/\/kids.saladin-web.ch\/index.php?rest_route=\/wp\/v2\/users\/1"}],"replies":[{"embeddable":true,"href":"https:\/\/kids.saladin-web.ch\/index.php?rest_route=%2Fwp%2Fv2%2Fcomments&post=20"}],"version-history":[{"count":45,"href":"https:\/\/kids.saladin-web.ch\/index.php?rest_route=\/wp\/v2\/pages\/20\/revisions"}],"predecessor-version":[{"id":1640,"href":"https:\/\/kids.saladin-web.ch\/index.php?rest_route=\/wp\/v2\/pages\/20\/revisions\/1640"}],"wp:attachment":[{"href":"https:\/\/kids.saladin-web.ch\/index.php?rest_route=%2Fwp%2Fv2%2Fmedia&parent=20"}],"curies":[{"name":"wp","href":"https:\/\/api.w.org\/{rel}","templated":true}]}}