{"id":1148,"date":"2011-09-26T19:43:58","date_gmt":"2011-09-26T18:43:58","guid":{"rendered":"http:\/\/kids.saladin-web.ch\/?page_id=1148"},"modified":"2011-09-27T22:38:01","modified_gmt":"2011-09-27T21:38:01","slug":"medien-alles-so-schon-bunt-hier","status":"publish","type":"page","link":"https:\/\/kids.saladin-web.ch\/?page_id=1148","title":{"rendered":"Medien &#8211; Elterninfos"},"content":{"rendered":"<p>Links f\u00fcr Eltern, denen Medien nicht egal sind:<\/p>\n<h3>Links von D. H\u00e4chler:<\/h3>\n<blockquote><p><a href=\"http:\/\/www.elternet.ch\/\" target=\"_blank\">www.elternet.ch<\/a><br \/>\n<a href=\"http:\/\/www.klicksafe.de\/\" target=\"_blank\">www.klicksafe.de<\/a><br \/>\n<a href=\"http:\/\/www.netla.ch\/\" target=\"_blank\">www.netla.ch<\/a><\/p><\/blockquote>\n<h3>Brosch\u00fcren<\/h3>\n<blockquote><p><a href=\"https:\/\/kids.saladin-web.ch\/wp-content\/uploads\/2011\/09\/clickit_eltern_d.pdf\">clickit_eltern_d<\/a><\/p>\n<p><a href=\"..\/wp-content\/uploads\/2011\/09\/clickit_kids_d.pdf\">clickit_kids_d<\/a><\/p>\n<p><a href=\"https:\/\/kids.saladin-web.ch\/wp-content\/uploads\/2011\/09\/ZappenGamen_grossAG.pdf\">Zappen&amp;Gamen_grossAG<\/a><\/p>\n<p><a href=\"https:\/\/kids.saladin-web.ch\/wp-content\/uploads\/2011\/09\/SKP_cybertipp_d.pdf\">SKP_cybertipp_d<\/a><\/p>\n<p><a href=\"..\/wp-content\/uploads\/2011\/09\/SKP_Kinderporno_dt1.pdf\">SKP_Kinderporno_dt<\/a><\/p><\/blockquote>\n<p>&nbsp;<\/p>\n<h3>weitere interessante Links:<\/h3>\n<dl>\n<dt> <a><img decoding=\"async\" src=\"http:\/\/www.medienbildung.ch\/webautor-data\/55\/DSC00574.jpg\" alt=\"\" \/><\/a> <\/dt>\n<dd> <\/dd>\n<\/dl>\n<div>Zusatzinformationen zu \u00abMedienerziehung\u00bb<\/div>\n<div>\n<ul>\n<li><a href=\"http:\/\/www.medienbildung.ch\/\" target=\"_blank\">www.medienbildung.ch<\/a> Website Medienbildung P\u00e4dagogische Hochschule Z\u00fcrich<\/li>\n<\/ul>\n<ul>\n<li><a href=\"http:\/\/www.elternet.ch\/\" target=\"_blank\">www.elternet.ch<\/a> (Unterst\u00fctzung f\u00fcr Eltern zu digitalen Themen)<\/li>\n<li><a href=\"http:\/\/shop.gmk-net.de\/media\/products\/0443437001197276489.pdf?XTCsid=25631697e313ea93288520585a0f2cb8\" target=\"_blank\">www.gmk-net.ch<\/a> (Brosch\u00fcre f\u00fcr Eltern \u00abMit Medien leben lernen\u00bb pdf)<\/li>\n<li><a href=\"http:\/\/www.dfi-luzern.ch\/upload\/dfilu\/files\/zappen-gamen_2008_DFI-Luzern.pdf\" target=\"_blank\">www.dfi-luzern.ch<\/a> (Brosch\u00fcre f\u00fcr Eltern \u00abZappen &amp; Gamen\u00bb pdf)<\/li>\n<li><a href=\"http:\/\/www.klicksafe.de\/\" target=\"_blank\">www.klicksafe.de<\/a> Intitiative f\u00fcr mehr Sicherheit im Netz<\/li>\n<li><a href=\"http:\/\/www.swisscom.com\/GHQ\/content\/SAI\/Bildungsangebote\/Bestellformular\/Bestellung_SNG.htm\" target=\"_blank\">SchoolNetGuide 4 \u00abFamilie und Internet\u00bb<\/a> Der SchoolNetGuide 4 soll der ganzen Familie ein Leitfaden sein, wenn es darum geht, das Internet sinnvoll gemeinsam zu nutzen. Die &#8222;gef\u00e4hrlichen&#8220; Aspekte des Internets, wie auch die unterhaltsamen und spannenden Seiten sind ausf\u00fchrlich beschrieben und mit Bildmaterial und weiterf\u00fchrenden Links erg\u00e4nzt.<\/li>\n<li><a href=\"http:\/\/www.swisscom.com\/GHQ\/content\/SAI\/Bildungsangebote\/SchoolNetGuide\/SNG_Gesellschaft\/SNG6\/\" target=\"_blank\">SchoolNetGuide 6 \u00abMein Kind und ich online\u00bb<\/a> Der Guide behandelt Budgetfragen, vergleicht ADSL mit anderen Einwahlm\u00f6glichkeiten, zeigt, wie in einer Online-Auktion Waren gekauft und verkauft werden und vermittelt Verhaltensregeln f\u00fcr das Shopping im Internet. Zudem vermittelt er n\u00fctzliche Links f\u00fcr die Hausaufgaben, beantwortet Fragen rund um \u201aInternet und Kinderschutz&#8216; und erkl\u00e4rt, wann das Herunterladen von Software und Musik illegal ist.<\/li>\n<\/ul>\n<ul>\n<li><a href=\"http:\/\/www.bupp.at\/spiele\/\" target=\"_blank\">http:\/\/bupp.at<\/a> Liste mit ausgew\u00e4hlten \u00abguten\u00bb Computer und Konsolenspielen und <a href=\"http:\/\/bupp.at\/gr\/eltern\/\" target=\"_blank\">Tipps f\u00fcr Eltern<\/a><\/li>\n<li><a href=\"http:\/\/www.bmfsfj.de\/\" target=\"_blank\">http:\/\/www.bmfsfj.de<\/a> &gt; Publikationen &gt; Suche: Lernsoftware (Empfehlungen guter Lernsoftware und Spiele zum Herunterladen)<\/li>\n<li><a href=\"http:\/\/www.sf.tv\/sfwissen\/dossier.php?docid=10766&amp;navpath=med\" target=\"_blank\">Games<\/a>, Dossier SF Wissen<\/li>\n<li><a href=\"http:\/\/www.sf.tv\/sfwissen\/dossier.php?docid=10783&amp;navpath=med\" target=\"_blank\">Games und Gewalt<\/a>, Dossier SF Wissen<\/li>\n<\/ul>\n<ul>\n<li><a href=\"http:\/\/www.schaugenau.ch\/\" target=\"_blank\">www.schaugenau.ch<\/a> (Informationen f\u00fcr Eltern und Kinder\/Jugendliche zu Chatrooms etc.)<\/li>\n<\/ul>\n<ul>\n<li>Blog \u00fcber Facebook mit Tipps zu<a href=\"http:\/\/www.thomashutter.com\/index.php\/2009\/07\/facebook-10-privatspharen-einstellungen-die-jeder-benutzer-kennen-sollte\/\" target=\"_blank\"> sicheren Facebook-Einstellungen<\/a><\/li>\n<li>\u00abSchritt  f\u00fcr Schritt\u00bb-Anleitung f\u00fcr sichere Einstellungen in Facebook (von den  Einstellungen her nicht mehr ganz aktuell, aber wegen den Erkl\u00e4rungen  lesenswert\u00a0 <a href=\"http:\/\/www.medienbildung.ch\/webautor-data\/26\/Facebook-Einstellungen.pdf\" target=\"_blank\">Sichere Facebook-Einstellungen (PDF)<br \/>\n<\/a><\/li>\n<li>\u00abSchritt f\u00fcr Schritt\u00bb-Anleitung f\u00fcr sichere Einstellungen in Netlog <a href=\"http:\/\/www.medienbildung.ch\/webautor-data\/26\/Netlog-Einstellungen.pdf\" target=\"_blank\">Sichere Netlog-Einstellungen (PDF)<\/a><\/li>\n<\/ul>\n<ul>\n<li><a href=\"http:\/\/www.kobik.ch\/\" target=\"_blank\">www.kobik.ch<\/a> Meldestelle der Polizei f\u00fcr Kriminalit\u00e4t im Netz<\/li>\n<\/ul>\n<\/div>\n<div>Filme&nbsp;<\/p>\n<ul>\n<li><a href=\"http:\/\/www.youtube.com\/watch?v=hibyAJOSW8U\" target=\"_blank\">Dove Evolution<\/a> Film zu Selbst- und Fremdbild<\/li>\n<li><a href=\"http:\/\/www.youtube.com\/watch?v=Ei6JvK0W60I\" target=\"_blank\">Dove Angriff<\/a> (Onslaught) Film zur Bilderflut von &#8222;Sch\u00f6nheitsvorbildern&#8220; mit der Kinder und Jugendliche konfrontiert werden.<\/li>\n<li><a href=\"http:\/\/schau-hin.info\/service\/tv-spots.html\" target=\"_blank\">Schau-hin TV-Spots<\/a> zum Umgang mit sensiblen Daten, Handy und Fernsehen<\/li>\n<li><a href=\"https:\/\/www.klicksafe.de\/ueber-klicksafe\/kampagne\/klicksafe-spots\/index.html\" target=\"_blank\">klicksafe-Spots<\/a> zu Computersucht und Pornografie, Gewalt, Rechtsextremismus<\/li>\n<\/ul>\n<\/div>\n<div>Software&nbsp;<\/p>\n<ul>\n<li><a href=\"http:\/\/www.internetsafety.com\/safe-eyes-parental-control-software.php\" target=\"_blank\">Safe Eyes<\/a> Das Schweizer Sackmesser der Filterprogramme. Aktive Filter f\u00fcr Webbrowser, Chatfilter und Kontrolle, zeitliche Beschr\u00e4nkung der Computernutzung, Warnsignale bei missbr\u00e4uchlicher Benutzung und Aufzeichnung der Computeraktivit\u00e4ten.<\/li>\n<\/ul>\n<\/div>\n<div>Literatur&nbsp;<\/p>\n<p>Rogge, Jan-Uwe: Kinder k\u00f6nnen Fernsehen. Rowohlt Taschenbuch 1990<\/p>\n<\/div>\n","protected":false},"excerpt":{"rendered":"<p>Links f\u00fcr Eltern, denen Medien nicht egal sind: Links von D. H\u00e4chler: www.elternet.ch www.klicksafe.de www.netla.ch Brosch\u00fcren clickit_eltern_d clickit_kids_d Zappen&amp;Gamen_grossAG SKP_cybertipp_d SKP_Kinderporno_dt &nbsp; weitere interessante Links: Zusatzinformationen zu \u00abMedienerziehung\u00bb www.medienbildung.ch Website Medienbildung P\u00e4dagogische Hochschule Z\u00fcrich www.elternet.ch (Unterst\u00fctzung f\u00fcr Eltern zu digitalen Themen) www.gmk-net.ch (Brosch\u00fcre f\u00fcr Eltern \u00abMit Medien leben lernen\u00bb pdf) www.dfi-luzern.ch (Brosch\u00fcre f\u00fcr Eltern \u00abZappen [&hellip;]<\/p>\n","protected":false},"author":32,"featured_media":0,"parent":62,"menu_order":0,"comment_status":"open","ping_status":"open","template":"","meta":{"footnotes":""},"class_list":["post-1148","page","type-page","status-publish","hentry"],"_links":{"self":[{"href":"https:\/\/kids.saladin-web.ch\/index.php?rest_route=\/wp\/v2\/pages\/1148","targetHints":{"allow":["GET"]}}],"collection":[{"href":"https:\/\/kids.saladin-web.ch\/index.php?rest_route=\/wp\/v2\/pages"}],"about":[{"href":"https:\/\/kids.saladin-web.ch\/index.php?rest_route=\/wp\/v2\/types\/page"}],"author":[{"embeddable":true,"href":"https:\/\/kids.saladin-web.ch\/index.php?rest_route=\/wp\/v2\/users\/32"}],"replies":[{"embeddable":true,"href":"https:\/\/kids.saladin-web.ch\/index.php?rest_route=%2Fwp%2Fv2%2Fcomments&post=1148"}],"version-history":[{"count":33,"href":"https:\/\/kids.saladin-web.ch\/index.php?rest_route=\/wp\/v2\/pages\/1148\/revisions"}],"predecessor-version":[{"id":1194,"href":"https:\/\/kids.saladin-web.ch\/index.php?rest_route=\/wp\/v2\/pages\/1148\/revisions\/1194"}],"up":[{"embeddable":true,"href":"https:\/\/kids.saladin-web.ch\/index.php?rest_route=\/wp\/v2\/pages\/62"}],"wp:attachment":[{"href":"https:\/\/kids.saladin-web.ch\/index.php?rest_route=%2Fwp%2Fv2%2Fmedia&parent=1148"}],"curies":[{"name":"wp","href":"https:\/\/api.w.org\/{rel}","templated":true}]}}